{"id":1239,"date":"2016-09-03T10:56:51","date_gmt":"2016-09-03T08:56:51","guid":{"rendered":"http:\/\/www.ceron.it\/?page_id=1239"},"modified":"2022-08-19T19:40:34","modified_gmt":"2022-08-19T17:40:34","slug":"stages-20162017","status":"publish","type":"page","link":"https:\/\/www.ceron.it\/?page_id=1239","title":{"rendered":"Stages"},"content":{"rendered":"<h4><\/h4>\n<h4>STAGES STORICI e MAESTRI e COREOGRAFI OSPITI negli anni:<\/h4>\n<h4>Gli studenti della Scuola di danza Ceron, hanno studiato sia nella sede scolastica di Udine sia nella sede estiva di Lignano Sabbiadoro con Maestri e Coreografi di chiara fama provenienti dall\u2019Italia e dall\u2019estero.<\/h4>\n<p>&nbsp;<\/p>\n<p><strong>1975 <\/strong>\/ <strong>Anna Mascolo<\/strong>, Prima Ballerina Compagnia Marchese de Cuevas, Maitre internazionale, docente docente Universit\u00e0 dello Spettacolo di Lisbona (P), membro Consiglio Nazionale della Danza &#8211; CNID\/UNESCO;<\/p>\n<p><strong>1978<\/strong> \/ <strong>Claudie Winzer<\/strong>, Compagnia Roland Petit (F) e docente presso Centre de Danse International &#8220;Rosella Higtower&#8221; Cannes (F);<\/p>\n<p><strong>1979<\/strong> \/ <strong>Brigitte Andretto<\/strong>, Martha Graham Contemporary Dance School (USA), (Udine \u201c1\u00b0 Stage regionale di danza\u201d); <strong>Claudie Winzer<\/strong>, Compagnia Roland Petit (F) e docente presso Centre de Danse International &#8220;Rosella Higtower&#8221; Cannes (F); <strong>Anna Mascolo<\/strong>, Prima Ballerina Compagnia Marchese de Cuevas, Maitre internazionale, docente Universit\u00e0 dello Spettacolo di Lisbona (P) e membro Consiglio Nazionale della Danza &#8211; CNID\/UNESCO;<\/p>\n<p><strong>1980<\/strong> \/ <strong>Arnaldo Angelini<\/strong>, Teatro S. Carlo di Napoli e pedagogo internazionale; <strong>Gillian Hobart<\/strong>, ideatrice Metodo Hobart\u00ae, docente all\u2019Accademia Nazionale di Danza di Roma e Prima ballerina Anglo Russian Ballet Company (GB), (Udine \u201c2\u00b0 Stage regionale di danza\u201d);<\/p>\n<p><strong>1981<\/strong> \/ <strong>Jacques Beltrame<\/strong>, Opera di Nizza (F); <strong>Arnaldo Angelini<\/strong>, Teatro S. Carlo di Napoli e pedagogo internazionale; <strong>Sheela Raj<\/strong>, London Contemporary Dance Company (GB), docente Acad\u00e9mie de danse Princesse Grace Monte Carlo (MC), (Udine \u201c3\u00b0 Stage regionale di danza\u201d);<\/p>\n<p><strong>1982<\/strong> \/ <strong>Annamaria Prina<\/strong>, Direttrice Scuola di Ballo Teatro alla Scala Milano; <strong>Jozo Borcic<\/strong>, Primo Ballerino Teatro dell\u2019Opera di Zagabria (HR); <strong>Sharon Bouch<\/strong>, laureata alla Randolph Macom Women\u2019s College\/Virginia e alla New York School (USA); <strong>Zhang Wan Mei<\/strong>, docente Teatro di Pechino (RC) e Scuola di Ballo Teatro alla Scala Milano, (Lignano Sabbiadoro \u201c4\u00b0 Stage regionale di danza\u201d con Gala finale. Ospiti: Luciana Savignano e Marco Pierin, \u00e9toile Teatro alla Scala Milano);<\/p>\n<p><strong>1983<\/strong> \/ <strong>Jacques Beltrame<\/strong>, Opera di Nizza (F); <strong>Zhang Wan Mei<\/strong>, docente Teatro di Pechino (RC), Scuola di Ballo Teatro alla Scala Milano; <strong>Roberta Escamilla<\/strong> <strong>Garrison<\/strong>, danzatrice e coreografa formatasi alla San Francisco Ballet School (USA), (Udine \u201c5\u00b0 Stage regionale di danza\u201d);<\/p>\n<p><strong>1986<\/strong> \/ <strong>Klaus Muller<\/strong>, Maitre internazionale\/formatosi all\u2019Accademia di S. Pietroburgo (URSS);<\/p>\n<p><strong>1987<\/strong> \/ <strong>Sherman Steward<\/strong>, Dance Theatre of Harlem (USA); <strong>Grant McDaniel<\/strong>, danzatore, coreografo e insegnante \u201cBody Alive Studios\u201d Toronto CDN);<\/p>\n<p><strong>1988<\/strong> \/<strong> Brian <\/strong>e <strong>Garrison<\/strong>, Primi Ballerini di Bob Fosse, interpreti di musical, Maestri e Coreografi televisivi internazionali (USA); <strong>Bryan Poer<\/strong>, Solista e Primo Ballerino Les Grands Ballets Canadiens (CDR)- Ballet du xx\u00e8me Si\u00e8cle di Maurice B\u00e8jart (B);<\/p>\n<p><strong>1989<\/strong> \/ <strong>Wilma Valentino<\/strong>, docente Accademia Nazionale di Danza Roma;<\/p>\n<p><strong>1990<\/strong> \/ <strong>Andrei Fedotov<\/strong>, Primo ballerino Compagnia Bolshoi (URSS) e \u00c9toile Ballet National de Nancy et de Lorraine (F); <strong>Carlotta Zamparo<\/strong>, Prima ballerina Ballet National de Marseille \u201cRoland Petit\u201d (F);<\/p>\n<p><strong>1991<\/strong> \/ <strong>Peter Lewton Brain<\/strong>, \u00e9toile Balletto Nazionale Portoghese e Primo Ballerino Les Ballets de Monte Carlo (MC);<\/p>\n<p><strong>1992<\/strong> \/ <strong>Peter Lewton Brain<\/strong>, \u00e9toile Balletto Nazionale Portoghese e Primo Ballerino Les Ballets de Monte Carlo (MC); <strong>Jean Paul Bucchieri<\/strong>, Balletto di Toscana; <strong>Marco Cantalupo<\/strong>, Compagnia Nazionale Balletto di Lisbona, Primo Ballerino televisivo, Direttore e Coreogrtafo Compagnia Linga (CH);<\/p>\n<p><strong>1994<\/strong> \/ <strong>Peter Lewton Brain<\/strong>, \u00e9toile Balletto Nazionale Portoghese e Primo Ballerino Les Ballets de Monte Carlo (MC);<\/p>\n<p><strong>1995<\/strong> \/ <strong>Alex Atzewi<\/strong>, maestro di danza contemporanea e Direttore artistico dell\u2019 \u201cAtzewi Dance Company\u201d; <strong>Anna Cuocolo<\/strong>, maestra di danza contemporanea e Direttrice artistica compagnia \u201cDimensione Art&amp;Scena; <strong>Massimo Gerardi<\/strong>, docente ospite Universit\u00e0 di danza Palucca Dresda, maestro internazionale e Direttore e coreografo compagnia \u201cSUBStanz\u201d Dresda\/Colonia (D);<\/p>\n<p><strong>1996<\/strong> \/ <strong>Corinna Anastasio<\/strong>, docente presso l\u2019Accademia Nazionale di Danza Roma e danzatrice della Compagnia \u201cEnzo Cosimi\u201d;<\/p>\n<p><strong>1997<\/strong> \/ <strong>Mauro Astolfi<\/strong>, Primo Ballerino, Insegnante e Coreografo, Direttore Compagnia \u201cSpellbound Dance Company\u201d Roma;<\/p>\n<p><strong>1998<\/strong> \/ <strong>Marco Pierin<\/strong>, Primo Ballerino internazionale ed \u00e9toile del Teatro alla Scala Milano; <strong>Ariella Vidach<\/strong>, Insegnante, Performer e Direttrice Artistica compagnia di danza Ariella Vidach \u2013 A.i.E.P (CH);<\/p>\n<p><strong>1999<\/strong> \/ <strong>Natalia Verbovska<\/strong>, Maestra di danza di carattere formazione Scuola Vaganova; <strong>Luca Condello<\/strong>, Ente Lirico Arena di Verona e Primo Ballerino televisivo; <strong>Massimo Gerardi<\/strong>, docente ospite Universit\u00e0 di danza Palucca Dresda, maestro internazionale e Direttore e coreografo compagnia \u201cSUBStanz\u201d Dresda\/Colonia (D);<\/p>\n<p><strong>2001<\/strong> \/ <strong>Giuseppe Della Monica<\/strong>, Coreografo e Maitre internazionale, Primo Ballerino Aterballetto e Balletto di Bordeaux (F), Direttore corpo di ballo Teatro Verdi Trieste;<\/p>\n<p><strong>2002<\/strong> \/<strong> Stefano Giannetti<\/strong>, Primo Ballerino internazionale, gi\u00e0 maitre de Ballet alla Semperoper di Dresda, direttore del ballo Northern Ballet Theatre e Pfalstheater Kaiserslautern (D); <strong>Giuseppe Della Monica<\/strong>, Coreografo e Maitre internazionale, Primo Ballerino Aterballetto e Balletto di Bordeaux (F), Direttore corpo di ballo Teatro Verdi Trieste; <strong>Luca Zampar<\/strong>, Compagnia Carolyn Carlson e Arearea; <strong>Eva Marangone<\/strong>, instructor Mc Hip Hop School;<\/p>\n<p><strong>2003<\/strong> \/<strong> Stephane Fournial<\/strong>, \u00e9toile internazionale, Primo Ballerino Badiscestaatheater Karlsruhe (D); <strong>Giuseppe Della Monica<\/strong>, Coreografo e Maitre internazionale, Primo Ballerino Aterballetto e Balletto di Bordeaux (F), Direttore corpo di ballo Teatro Verdi Trieste;<\/p>\n<p><strong>2004<\/strong> \/ <strong>Bruce Michelson<\/strong>, pedagogo tecnica Cunningham e maitre internazionale, gi\u00e0 Nederlands Dans Theater (NL) e solista Ballet Rambert (E);<\/p>\n<p><strong>2004<\/strong> \/ <strong>Jorge Annibal Rizzardi<\/strong>, Ballet Argentino, Compagnia Arteffetto (RA); <strong>Nadia Scarpa<\/strong>, Compagnie Sosta Palmizi, Altroteatro, Vera Stasi e Lenti a contatto;<\/p>\n<p><strong>2005<\/strong> \/ <strong>Paola Cantalupo<\/strong>, \u00e9toile Balletto Nazionale Portoghese (P) e Les Ballets de Monte Carlo (MC), Direttrice Ecole Superieure de Danse \u201cRosella Hightower Cannes (F); <strong>Amphaymany Keohavong-Pi<\/strong>, Momix (USA); <strong>Giuseppe Della Monica<\/strong>, Coreografo e Maitre internazionale, Primo Ballerino Aterballetto e Balletto di Bordeaux (F), Direttore corpo di ballo Teatro Verdi Trieste; <strong>Nicola Mancini<\/strong>, ballerino teatrale e televisivo formatosi all\u2019 Accademia Nazionale Ungherese di Danza Budapest (H) e alla National Ballet School of Canada \u2013 Toronto (CDN);<\/p>\n<p><strong>2006<\/strong> \/ <strong>Massimo Gerardi<\/strong>, docente ospite Universit\u00e0 di danza Palucca Dresda, maestro internazionale e Direttore e coreografo compagnia \u201cSUBStanz\u201d Dresda\/Colonia (D); <strong>Maria Victoria Ignomiriello<\/strong>, Prima Ballerina Pfalstheater Kaiserslautern, London Ballet e Tulsa Ballet (USA); <strong>Stephane Fournial<\/strong>, \u00e9toile internazionale, Primo Ballerino Badiscestaatheater Karlsruhe (D); <strong>Nadia Scarpa<\/strong>, Compagnie Sosta Palmizi, Altroteatro, Vera Stasi e Lenti a contatto; <strong>Virgilio Sieni<\/strong> (masterclass) Danzatore e Coreografo, Direttore Compagnia Virgilio Sieni;<\/p>\n<p><strong>2007<\/strong> \/ <strong>Denis Bragatto<\/strong>, Primo Ballerino Aterballetto e Bayerisches Staatsballett (D); <strong>Stefania Sandrin<\/strong> e <strong>Salvatore Gagliardi<\/strong>, Stadttheater Berna (CH) e Oper\u00e0 di Bordeaux (F); <strong>Massimo Gerardi<\/strong>, docente ospite Universit\u00e0 di danza Palucca Dresda, maestro internazionale e Direttore e coreografo compagnia \u201cSUBStanz\u201d Dresda\/Colonia (D); <strong>Lucia Tosto<\/strong>, insegnante \u201cBaile Flamenco\u201d;<\/p>\n<p><strong>2008<\/strong> \/ <strong>Mirjana Nesic<\/strong>, docente Scuola Nazionale di danza \u201cLujo Davico\u201d di Belgrado (RS); <strong>Yang Xie<\/strong>, Beijing Modern Dance Company (RC); <strong>Michele Oliva<\/strong>, Primo ballerino televisivo, coreografo e insegnante di modern;<\/p>\n<p><strong>2009<\/strong> \/ <strong>Boris Nebyla<\/strong>, Primo Ballerino Wiener Staatsballett e Direttore Dancearts Wien (A); <strong>Simone Vacante<\/strong>, Ballerino televisivo formatosi alla \u201cHochschule fur Tanz und Musik\u201d di Colonia; <strong>Massimo Gerardi<\/strong>, docente ospite Universit\u00e0 di danza Palucca Dresda, maestro internazionale e Direttore e coreografo compagnia \u201cSUBStanz\u201d Dresda\/Colonia (D); <strong>Stefania Sandrin<\/strong>, Stadttheater Berna (CH) e Oper\u00e0 de Bordeaux (F);<\/p>\n<p><strong>2010<\/strong> \/ <strong>Luca Masala<\/strong>, Primo Ballerino Ballet du Capitole Toulouse (F) e Direttore Acad\u00e9mie de Danse \u201cPrincesse Grace\u201d Monte Carlo (MC);<\/p>\n<p><strong>2011<\/strong> \/ <strong>Evelyne Teri<\/strong>, Prima ballerina all\u2019Opera di Stato di Amburgo, Grand Ballet Classique de Paris e Tokyo City Ballet; <strong>Walter Cinquinella<\/strong>, Primo Ballerino Bat Dor Dance Company e Buglisi Dance Theater, Maitre de ballet presso CedarLake Contemporary Ballet (USA); <strong>Massimo Gerardi<\/strong>, docente ospite Universit\u00e0 di danza Palucca Dresda, maestro internazionale e Direttore e coreografo compagnia \u201cSUBStanz\u201d Dresda\/Colonia (D);<\/p>\n<p><strong>2012<\/strong> \/ <strong>Roland Vogel<\/strong>, Primo ballerino Balletto di Stoccarda e professore Acad\u00e9mie de Danse \u201cPrincesse Grace\u201d Monte-Carlo (MC); <strong>Barton Cowperthwaite<\/strong>, University of Arizona (USA) e ballerino Lar Lubovitch Dance Company (USA);<\/p>\n<p><strong>2013<\/strong> \/<strong> Troy Powell<\/strong>, Direttore artistico AILEY II; <strong>Walter Cinquinella<\/strong>, Primo Ballerino Bat Dor Dance Company e Buglisi Dance Theater, Maitre de ballet presso CedarLake Contemporary Ballet (USA);<\/p>\n<p><strong>2014<\/strong> \/ <strong>Diego Vasquez <\/strong>e <strong>Rob Rich<\/strong>, esponenti internazionali Hip Hop\/Los Angeles (USA); <strong>Cristina Piemonte<\/strong>, diplomata Steps on Broadway e Broadway Dance Center, ballerina di video musicali, show, programmi televisivi e cinema (USA);<\/p>\n<p><strong>2015<\/strong> \/ <strong>Giuseppe Della Monica<\/strong>, Coreografo e Maitre internazionale, Primo Ballerino Aterballetto e Balletto di Bordeaux (F); <strong>THE FELLA$$ <\/strong>Crew professionale hip hop; <strong>Dennis Schmitz<\/strong>, Konservatorium Wien Privat Universit\u00e4t (A); <strong>Felix Berning<\/strong>, Palucca Hochschule f\u00fcr Tanz Dresden (D); <strong>Massimo Gerardi<\/strong>, Direttore e coreografo subsTANZ Koln\/Dresden (D); <strong>Laura Zago<\/strong>, docente Istituto delle arti\/Liceo coreutico di Trento; <strong>Matej Selan<\/strong>, Conservatoire for Music and Ballet Ljubljana (SLO);<\/p>\n<p><strong>2016<\/strong> \/ <strong>Arnaldo Angelini<\/strong>, Teatro S. Carlo di Napoli e pedagogo internazionale; <strong>Antonella Boni<\/strong>, Prima Ballerina Teatro dell\u2019Opera Roma; <strong>Jolantha Grascher-Seyfried<\/strong>, Prima ballerina Opera di Vienna e Docente Dance Department MUK University Vienna (A); <strong>Massimo Gerardi, <\/strong>Docente guest Palucca Hochschule f\u00fcr Tanz Dresden(D); <strong>Daniel Heuline<\/strong>, Primo Ballerino e Direttore Ballettschule International di Bonn (D);<\/p>\n<p><strong>2017<\/strong> \/ <strong>Marco Batti<\/strong>, direttore del Balletto di Siena, formatosi all&#8217;Accademia Vaganova di S. Pietroburgo e presso la Jacqueline Kennedy Onassis School (scuola dell&#8217;American Ballet Theatre), nominato ABT\u00ae Affiliate Teacher, Primary trough Level Seventh &amp; Partnering dell\u2019ABT NTC\u00a9 (American Ballet Theater national Training Curriculum); <strong>Giuseppe Della Monica<\/strong>, Coreografo e Maitre internazionale, Primo ballerino Aterballetto e Balletto di Bordeaux (F), Direttore corpo di ballo Teatro Verdi Trieste; <strong>Massimo Gerardi<\/strong>, Docente guest Palucca Hochschule f\u00fcr Tanz Dresden(D); <strong>Jolantha Grascher\u2013Seyfried<\/strong>, Prima ballerina Opera di Vienna e Docente Dance Department MUK University Vienna (A);<\/p>\n<p><strong>2018<\/strong> \/ <strong>Daniele Baldi<\/strong>, Docente\u00a0 IDA ( International Dance Association), coreografo televisivo, tra gli esponenti pi\u00f9 importanti del panorama italiano della danza Hip Hop; <strong>Giuseppe Della Monica<\/strong>, Coreografo e Maitre internazionale, Primo Ballerino Aterballetto e Balletto di Bordeaux (F), Direttore corpo di ballo Teatro Verdi Trieste; <strong>Fernando Lewental<\/strong>, formazione insegnante modern IDA (International Dance Association) e Stealm performing dancer con Massimo Perugini; <strong>Massimo Gerardi<\/strong>, Docente guest Palucca Hochschule f\u00fcr Tanz Dresden(D); <strong>Esther Balfe<\/strong>, gi\u00e0 solista Forsythe Dance Company e Docente all\u2019Universit\u00e0 di danza contemporanea di Vienna (A);<\/p>\n<p><strong>2019<\/strong> \/ <strong>Cyril Atanassoff<\/strong>, Primo ballerino all\u2019Opera di Parigi e Professore di danza all\u2019Opera di Parigi e al CNSMD (Conservatorio Nazionale Superiore di Parigi); <strong>Kristian Cellini<\/strong>, affermato insegnante e coreografo internazionale; <strong>Lilian Giovne<\/strong>, ballerina e docente al Teatro Colon di Buenos Aires; <strong>Daniele Baldi<\/strong>, Docente\u00a0 IDA, coreografo televisivo, tra gli esponenti pi\u00f9 importanti del panorama italiano della danza Hip Hop; <strong>Giuseppe Della Monica<\/strong>, Coreografo e Maitre internazionale, Primo ballerino Aterballetto e Balletto di Bordeaux (F), Direttore corpo di ballo Teatro Verdi Trieste; <strong>Roberta Pagliaro<\/strong>, Prima ballerina Aterballetto; <strong>Roberto Cocconi<\/strong>, ballerino Compagnia Sosta Palmizi e direttore Compagnia Arearea (I);<\/p>\n<p><strong>2020<\/strong> \/ <strong>Massimo Gerardi<\/strong>, Docente guest Palucca Hochschule f\u00fcr Tanz Dresden (D) e Assistente alla direzione Dresden Frankfurt Dance Company (D);\u00a0<strong>Alessia Crema<\/strong>, laureata alla CODARTS University for Arts di Rotterdam (NL); <strong>Rebecca Storani<\/strong>, ballerina al Durch National Ballet (NL);\u00a0<strong>Mattia Cason<\/strong>, ballerino a En-Knap Dance Company (SLO);<\/p>\n<p><strong>2021<\/strong> \/ <strong>Nicola Biasutti<\/strong>, Docente alla John Cranko Schule di Stoccarda (D); <strong>Anna Bugulova<\/strong>, ballerina al National Ballet Brno (CZ); <strong>Sonia De Cillis<\/strong>, gi\u00e0 ballerina del Teatro alla Scala di Milano (I); <strong>Tatiana Basili<\/strong>, Docente Liceo Coreutico Statale Uccellis di Udine (I); <strong>Mattia Cason<\/strong>, ballerino a En-Knap Dance Company (SLO); <strong>Massimo Gerardi<\/strong>, Docente guest Palucca Hochschule f\u00fcr Tanz Dresden (D) e Assistente alla direzione Dresden Frankfurt Dance Company (D); <strong>Kristian Cellini<\/strong>, Docente e coreografo internazionale (I);<\/p>\n<p><strong>2022 \/ <b>Luca Condello<\/b> e <b>Elisa Cipriani<\/b>,<\/strong> Ente Lirico Arena di Verona(I);<strong> Jason Beechey<\/strong> (masterclass on line), Palucca University of Dance Dresden(D);\u00a0<strong>Liudmila Konovalova<\/strong>, Wiener Staatsballett, <strong>Nastja Bremec<\/strong> e <strong>Michal Rynia<\/strong>, MN Dance Company(SLO), <strong>Salvatore Gagliardi<\/strong> e <strong>Stefania Sandrin<\/strong>, gi\u00e0 Balletto di Bordeaux(F);<strong>Massimo Gerardi<\/strong>, Responsabile Pedagogico Tanzcompagnie Stadttheater Giessen (D)<\/p>\n","protected":false},"excerpt":{"rendered":"<p>STAGES STORICI e MAESTRI e COREOGRAFI OSPITI negli anni: Gli studenti della Scuola di danza Ceron, hanno studiato sia nella sede scolastica di Udine sia nella sede estiva di Lignano Sabbiadoro con Maestri e Coreografi di chiara fama provenienti dall\u2019Italia e dall\u2019estero. &nbsp; 1975 \/ Anna Mascolo, Prima Ballerina Compagnia Marchese de Cuevas, Maitre internazionale, [&hellip;]<\/p>\n","protected":false},"author":1,"featured_media":0,"parent":0,"menu_order":2,"comment_status":"open","ping_status":"open","template":"","meta":[],"_links":{"self":[{"href":"https:\/\/www.ceron.it\/index.php?rest_route=\/wp\/v2\/pages\/1239"}],"collection":[{"href":"https:\/\/www.ceron.it\/index.php?rest_route=\/wp\/v2\/pages"}],"about":[{"href":"https:\/\/www.ceron.it\/index.php?rest_route=\/wp\/v2\/types\/page"}],"author":[{"embeddable":true,"href":"https:\/\/www.ceron.it\/index.php?rest_route=\/wp\/v2\/users\/1"}],"replies":[{"embeddable":true,"href":"https:\/\/www.ceron.it\/index.php?rest_route=%2Fwp%2Fv2%2Fcomments&post=1239"}],"version-history":[{"count":18,"href":"https:\/\/www.ceron.it\/index.php?rest_route=\/wp\/v2\/pages\/1239\/revisions"}],"predecessor-version":[{"id":2345,"href":"https:\/\/www.ceron.it\/index.php?rest_route=\/wp\/v2\/pages\/1239\/revisions\/2345"}],"wp:attachment":[{"href":"https:\/\/www.ceron.it\/index.php?rest_route=%2Fwp%2Fv2%2Fmedia&parent=1239"}],"curies":[{"name":"wp","href":"https:\/\/api.w.org\/{rel}","templated":true}]}}